{"id":108,"date":"2018-11-24T12:57:38","date_gmt":"2018-11-24T12:57:38","guid":{"rendered":"http:\/\/joachimdierauer.ch\/Wordpress\/?page_id=108"},"modified":"2020-03-03T17:28:47","modified_gmt":"2020-03-03T17:28:47","slug":"kurse","status":"publish","type":"page","link":"https:\/\/joachimdierauer.ch\/Wordpress\/kurse\/","title":{"rendered":"Kurse"},"content":{"rendered":"\n<p class=\"has-text-align-center\"><strong>Raku &#8211; Kurse in Haldenstein &#8211; Kursbeginn immer anfangs M\u00e4rz und anfangs September<\/strong><\/p>\n\n\n\n<figure class=\"wp-block-image size-large\"><img loading=\"lazy\" decoding=\"async\" width=\"1024\" height=\"768\" src=\"https:\/\/joachimdierauer.ch\/Wordpress\/wp-content\/uploads\/2020\/02\/IMG_0725-1024x768.jpg\" alt=\"\" class=\"wp-image-189\" srcset=\"https:\/\/joachimdierauer.ch\/Wordpress\/wp-content\/uploads\/2020\/02\/IMG_0725-1024x768.jpg 1024w, https:\/\/joachimdierauer.ch\/Wordpress\/wp-content\/uploads\/2020\/02\/IMG_0725-300x225.jpg 300w, https:\/\/joachimdierauer.ch\/Wordpress\/wp-content\/uploads\/2020\/02\/IMG_0725-768x576.jpg 768w, https:\/\/joachimdierauer.ch\/Wordpress\/wp-content\/uploads\/2020\/02\/IMG_0725-1536x1152.jpg 1536w, https:\/\/joachimdierauer.ch\/Wordpress\/wp-content\/uploads\/2020\/02\/IMG_0725.jpg 2016w\" sizes=\"auto, (max-width: 1024px) 100vw, 1024px\" \/><\/figure>\n\n\n\n<p><\/p>\n\n\n\n<p class=\"has-text-align-center\"><strong>Kurse im Atelier Chur<\/strong><\/p>\n\n\n<p><img loading=\"lazy\" decoding=\"async\" class=\"alignnone size-full wp-image-109\" src=\"http:\/\/joachimdierauer.ch\/Wordpress\/wp-content\/uploads\/2018\/11\/Kursangebot.jpg\" alt=\"\" width=\"1817\" height=\"641\" srcset=\"https:\/\/joachimdierauer.ch\/Wordpress\/wp-content\/uploads\/2018\/11\/Kursangebot.jpg 1817w, https:\/\/joachimdierauer.ch\/Wordpress\/wp-content\/uploads\/2018\/11\/Kursangebot-300x106.jpg 300w, https:\/\/joachimdierauer.ch\/Wordpress\/wp-content\/uploads\/2018\/11\/Kursangebot-768x271.jpg 768w, https:\/\/joachimdierauer.ch\/Wordpress\/wp-content\/uploads\/2018\/11\/Kursangebot-1024x361.jpg 1024w\" sizes=\"auto, (max-width: 1817px) 100vw, 1817px\" \/><\/p>\n\n\n<p><\/p>\n\n\n\n<p class=\"has-text-align-center\"><strong>Kurs: Lithografie und Radierung<\/strong><\/p>\n\n\n\n<p> Malen und Zeichnen bietet viele M\u00f6glichkeiten k\u00fcnstlerischen Ausdrucks. <br>Die Lithographie und die Radierung sind in ihrer charakteristischen Wirkung und ihrer Reproduzierbarkeit die bevorzugten grafischen Techniken der Kunst. Sie bieten Raum f\u00fcr freies Experimentieren. In kleinen Gruppen und unter Anleitung, werden dem Lithographiestein oder der Radierplatte einzigartige Ergebnisse k\u00fcnstlerischen Gestaltens abgewonnen.<\/p>\n\n\n\n<p class=\"has-text-align-center\"><strong>T\u00f6pferkurs<\/strong><\/p>\n\n\n\n<p>Haben Sie schon mal den Wunsch versp\u00fcrt sich kreativ mit dem Werkstoff Ton auszudr\u00fccken? T\u00f6pfe, Objekte oder Skulpturen mit Ihren H\u00e4nden zu formen? M\u00f6chten Sie mehr \u00fcber den Herstellungsprozess von Keramik erfahren? Dann ist das der richtige Workshop f\u00fcr Sie. Entdecken Sie Ihre Begabung f\u00fcr gestalterisches Schaffen.<\/p>\n\n\n\n<p>Sie haben die M\u00f6glichkeit in einem Atelier eines Altstadthauses dieses interessante Handwerk  kennenzulernen und zu vertiefen.<\/p>\n\n\n\n<p>Sie lernen die verschiedenen Aufbautechniken von Hand, das Drehen an der Scheibe und das Modellieren von Figuren oder Objekten kennen.<\/p>\n\n\n\n<p>Sie erhalten Einblicke in den Vorgang\ndes Glasierens und des Brennens.<\/p>\n","protected":false},"excerpt":{"rendered":"<p>Raku &#8211; Kurse in Haldenstein &#8211; Kursbeginn immer anfangs M\u00e4rz und anfangs September Kurse im Atelier Chur Kurs: Lithografie und Radierung Malen und Zeichnen bietet viele M\u00f6glichkeiten k\u00fcnstlerischen Ausdrucks. Die Lithographie und die Radierung sind in ihrer charakteristischen Wirkung und ihrer Reproduzierbarkeit die bevorzugten grafischen Techniken der Kunst. Sie bieten Raum f\u00fcr freies Experimentieren. In<\/p>\n<p class=\"more-link-wrapper\"><a href=\"https:\/\/joachimdierauer.ch\/Wordpress\/kurse\/\" class=\"more-link\">Continue Reading<span class=\"screen-reader-text\"> &#171;Kurse&#187;<\/span><\/a><\/p>\n","protected":false},"author":1,"featured_media":0,"parent":0,"menu_order":0,"comment_status":"closed","ping_status":"closed","template":"template-full.php","meta":{"footnotes":""},"class_list":["post-108","page","type-page","status-publish","hentry"],"_links":{"self":[{"href":"https:\/\/joachimdierauer.ch\/Wordpress\/wp-json\/wp\/v2\/pages\/108","targetHints":{"allow":["GET"]}}],"collection":[{"href":"https:\/\/joachimdierauer.ch\/Wordpress\/wp-json\/wp\/v2\/pages"}],"about":[{"href":"https:\/\/joachimdierauer.ch\/Wordpress\/wp-json\/wp\/v2\/types\/page"}],"author":[{"embeddable":true,"href":"https:\/\/joachimdierauer.ch\/Wordpress\/wp-json\/wp\/v2\/users\/1"}],"replies":[{"embeddable":true,"href":"https:\/\/joachimdierauer.ch\/Wordpress\/wp-json\/wp\/v2\/comments?post=108"}],"version-history":[{"count":5,"href":"https:\/\/joachimdierauer.ch\/Wordpress\/wp-json\/wp\/v2\/pages\/108\/revisions"}],"predecessor-version":[{"id":200,"href":"https:\/\/joachimdierauer.ch\/Wordpress\/wp-json\/wp\/v2\/pages\/108\/revisions\/200"}],"wp:attachment":[{"href":"https:\/\/joachimdierauer.ch\/Wordpress\/wp-json\/wp\/v2\/media?parent=108"}],"curies":[{"name":"wp","href":"https:\/\/api.w.org\/{rel}","templated":true}]}}